{"id":351,"date":"2022-02-24T21:43:37","date_gmt":"2022-02-24T21:43:37","guid":{"rendered":"https:\/\/mixpyme.mx\/web\/valley-wp\/es\/?page_id=351"},"modified":"2022-02-24T21:45:44","modified_gmt":"2022-02-24T21:45:44","slug":"about-us","status":"publish","type":"page","link":"https:\/\/valleysupermarket.us\/es\/about-us\/","title":{"rendered":"Nosotros"},"content":{"rendered":"\n<p>Somos una cadena de supermercados expertos en carnes, con la mejor panader\u00eda tradicional, y el mejor servicio de alimentos\/restaurante 100% mexicano. Adem\u00e1s contamos con una gran variedad de carnes fr\u00edas, l\u00e1cteos, tortillas reci\u00e9n hechas y todo para tu hogar.<\/p>\n","protected":false},"excerpt":{"rendered":"<p>Somos una cadena de supermercados expertos en carnes, con la mejor panader\u00eda tradicional, y el mejor servicio de alimentos\/restaurante 100% mexicano. Adem\u00e1s contamos con una gran variedad de carnes fr\u00edas, l\u00e1cteos, tortillas reci\u00e9n hechas y todo para tu hogar.<\/p>\n","protected":false},"author":1,"featured_media":0,"parent":0,"menu_order":0,"comment_status":"closed","ping_status":"closed","template":"","meta":{"footnotes":""},"class_list":["post-351","page","type-page","status-publish","hentry"],"_links":{"self":[{"href":"https:\/\/valleysupermarket.us\/es\/wp-json\/wp\/v2\/pages\/351","targetHints":{"allow":["GET"]}}],"collection":[{"href":"https:\/\/valleysupermarket.us\/es\/wp-json\/wp\/v2\/pages"}],"about":[{"href":"https:\/\/valleysupermarket.us\/es\/wp-json\/wp\/v2\/types\/page"}],"author":[{"embeddable":true,"href":"https:\/\/valleysupermarket.us\/es\/wp-json\/wp\/v2\/users\/1"}],"replies":[{"embeddable":true,"href":"https:\/\/valleysupermarket.us\/es\/wp-json\/wp\/v2\/comments?post=351"}],"version-history":[{"count":2,"href":"https:\/\/valleysupermarket.us\/es\/wp-json\/wp\/v2\/pages\/351\/revisions"}],"predecessor-version":[{"id":354,"href":"https:\/\/valleysupermarket.us\/es\/wp-json\/wp\/v2\/pages\/351\/revisions\/354"}],"wp:attachment":[{"href":"https:\/\/valleysupermarket.us\/es\/wp-json\/wp\/v2\/media?parent=351"}],"curies":[{"name":"wp","href":"https:\/\/api.w.org\/{rel}","templated":true}]}}