{"id":3,"date":"2021-12-13T02:41:38","date_gmt":"2021-12-13T02:41:38","guid":{"rendered":"http:\/\/localhost\/2021\/valley\/?page_id=3"},"modified":"2022-02-25T23:09:39","modified_gmt":"2022-02-25T23:09:39","slug":"privacy","status":"publish","type":"page","link":"https:\/\/valleysupermarket.us\/es\/privacy\/","title":{"rendered":"Aviso de privacidad"},"content":{"rendered":"\n<p>Grupo Bafar necesita la informaci\u00f3n de contacto que nos proporcionas para ponernos en contacto contigo acerca de nuestros productos y servicios. Puedes darte de baja de estas comunicaciones en cualquier momento. Para obtener informaci\u00f3n sobre c\u00f3mo darte de baja, as\u00ed como nuestras pr\u00e1cticas de privacidad y el compromiso de proteger tu privacidad, consulta nuestro Aviso de Privacidad.<\/p>\n","protected":false},"excerpt":{"rendered":"<p>Grupo Bafar necesita la informaci\u00f3n de contacto que nos proporcionas para ponernos en contacto contigo acerca de nuestros productos y servicios. Puedes darte de baja de estas comunicaciones en cualquier momento. Para obtener informaci\u00f3n sobre c\u00f3mo darte de baja, as\u00ed como nuestras pr\u00e1cticas de privacidad y el compromiso de proteger tu privacidad, consulta nuestro Aviso [&hellip;]<\/p>\n","protected":false},"author":1,"featured_media":0,"parent":0,"menu_order":0,"comment_status":"closed","ping_status":"closed","template":"","meta":{"footnotes":""},"class_list":["post-3","page","type-page","status-publish","hentry"],"_links":{"self":[{"href":"https:\/\/valleysupermarket.us\/es\/wp-json\/wp\/v2\/pages\/3","targetHints":{"allow":["GET"]}}],"collection":[{"href":"https:\/\/valleysupermarket.us\/es\/wp-json\/wp\/v2\/pages"}],"about":[{"href":"https:\/\/valleysupermarket.us\/es\/wp-json\/wp\/v2\/types\/page"}],"author":[{"embeddable":true,"href":"https:\/\/valleysupermarket.us\/es\/wp-json\/wp\/v2\/users\/1"}],"replies":[{"embeddable":true,"href":"https:\/\/valleysupermarket.us\/es\/wp-json\/wp\/v2\/comments?post=3"}],"version-history":[{"count":4,"href":"https:\/\/valleysupermarket.us\/es\/wp-json\/wp\/v2\/pages\/3\/revisions"}],"predecessor-version":[{"id":357,"href":"https:\/\/valleysupermarket.us\/es\/wp-json\/wp\/v2\/pages\/3\/revisions\/357"}],"wp:attachment":[{"href":"https:\/\/valleysupermarket.us\/es\/wp-json\/wp\/v2\/media?parent=3"}],"curies":[{"name":"wp","href":"https:\/\/api.w.org\/{rel}","templated":true}]}}